{"id":364,"date":"2026-04-15T18:41:47","date_gmt":"2026-04-15T16:41:47","guid":{"rendered":"https:\/\/www.orguesaintremi.fr\/?page_id=364"},"modified":"2026-04-15T18:53:40","modified_gmt":"2026-04-15T16:53:40","slug":"saison-2026","status":"publish","type":"page","link":"https:\/\/www.orguesaintremi.fr\/?page_id=364","title":{"rendered":"SAISON 2026"},"content":{"rendered":"\n<p class=\"has-vivid-cyan-blue-color has-text-color has-link-color has-large-font-size wp-elements-6c6b97194cbbea171b90d4e9ae174c42\"><strong>Samedi 15 ao\u00fbt : V\u00eapres musicales <\/strong><\/p>\n\n\n\n<figure class=\"wp-block-gallery has-nested-images columns-default is-cropped wp-block-gallery-1 is-layout-flex wp-block-gallery-is-layout-flex\">\n<figure class=\"wp-block-image size-large\"><img loading=\"lazy\" decoding=\"async\" width=\"640\" height=\"640\" data-id=\"365\" src=\"https:\/\/www.orguesaintremi.fr\/wp-content\/uploads\/2026\/04\/Hadhoum-Tunc.jpg\" alt=\"\" class=\"wp-image-365\" srcset=\"https:\/\/www.orguesaintremi.fr\/wp-content\/uploads\/2026\/04\/Hadhoum-Tunc.jpg 640w, https:\/\/www.orguesaintremi.fr\/wp-content\/uploads\/2026\/04\/Hadhoum-Tunc-300x300.jpg 300w, https:\/\/www.orguesaintremi.fr\/wp-content\/uploads\/2026\/04\/Hadhoum-Tunc-150x150.jpg 150w\" sizes=\"auto, (max-width: 640px) 100vw, 640px\" \/><figcaption class=\"wp-element-caption\">Hadhoum TUNC, Soprano<\/figcaption><\/figure>\n\n\n\n<figure class=\"wp-block-image size-large\"><img loading=\"lazy\" decoding=\"async\" width=\"200\" height=\"238\" data-id=\"367\" src=\"https:\/\/www.orguesaintremi.fr\/wp-content\/uploads\/2026\/04\/Valerie-BONNEFOY.jpg\" alt=\"\" class=\"wp-image-367\"\/><figcaption class=\"wp-element-caption\">Val\u00e9rie BONNEFOY, Violon<\/figcaption><\/figure>\n\n\n\n<figure class=\"wp-block-image size-large\"><img loading=\"lazy\" decoding=\"async\" width=\"1024\" height=\"813\" data-id=\"366\" src=\"https:\/\/www.orguesaintremi.fr\/wp-content\/uploads\/2026\/04\/Benjamin-STEENS-Photo-1024x813.jpg\" alt=\"\" class=\"wp-image-366\" srcset=\"https:\/\/www.orguesaintremi.fr\/wp-content\/uploads\/2026\/04\/Benjamin-STEENS-Photo-1024x813.jpg 1024w, https:\/\/www.orguesaintremi.fr\/wp-content\/uploads\/2026\/04\/Benjamin-STEENS-Photo-300x238.jpg 300w, https:\/\/www.orguesaintremi.fr\/wp-content\/uploads\/2026\/04\/Benjamin-STEENS-Photo-768x610.jpg 768w, https:\/\/www.orguesaintremi.fr\/wp-content\/uploads\/2026\/04\/Benjamin-STEENS-Photo-1536x1219.jpg 1536w, https:\/\/www.orguesaintremi.fr\/wp-content\/uploads\/2026\/04\/Benjamin-STEENS-Photo.jpg 1920w\" sizes=\"auto, (max-width: 1024px) 100vw, 1024px\" \/><figcaption class=\"wp-element-caption\">Benjamin-Joseph STEENS, Orgue<\/figcaption><\/figure>\n<\/figure>\n\n\n\n<p><strong>Au programme <\/strong> des oeuvres de Marc Antoine Charpentier, Claudio Merula, Claudio Monteverdi et Heinrich Biber<\/p>\n\n\n\n<p><strong>Hadhoum Tunc  <\/strong>                                                                                                                                   Parall\u00e8lement \u00e0 ses \u00e9tudes de sociolinguistique, Hadhoum TUNC obtient un premier prix de chant et un prix de perfectionnement au Conservatoire de Reims.                                                                               Laur\u00e9ate d\u2019une bourse, elle participe\u00a0\u00e0 la tr\u00e8s\u00a0prestigieuse \u00abSommerakademie \u00bb \u00e0 Salzbourg et poursuivra son apprentissage du r\u00e9pertoire romantique allemand aupr\u00e8s de Udo Reinemann \u00e0 Metz.                                                                              \u00c0 Paris, elle int\u00e8gre la classe de musique ancienne de Julie Hassler et se perfectionne aupr\u00e8s de nombreux ma\u00eetres tels que Howard Crook, et Maria Christina Kiehr.                                                                                 Depuis lors, elle m\u00e8ne une carri\u00e8re de soliste sur sc\u00e8ne \u00e0 l\u2019Op\u00e9ra. Elle interpr\u00e8te \u00e9galement r\u00e9citals et \u0153uvres de musiques sacr\u00e9es sous la direction de nombreux chefs d\u2019orchestre.                                                   Artiste lyrique \u00e9clectique, curieuse et amoureuse de tous les r\u00e9pertoires, elle aborde avec passion les partitions, traversant toutes les p\u00e9riodes du baroque aux cr\u00e9ations contemporaines.<\/p>\n\n\n\n<p><strong>Val\u00e9rie Bonnefoy<\/strong>                                                                                                                                 Musicienne, Patricia Bonnefoy se forme au Conservatoire de Reims dans les classes de violon, solf\u00e8ge, percussions, analyse et musique baroque. Elle y obtiendra plusieurs Premiers Prix. Elle part ensuite se perfectionner au Conservatoire \u00e0 Rayonnement R\u00e9gional de Rueil Malmaison (classe de Mr Moulin), au C.R.R\u00a0 de Dijon dans la classe du quatuor Manfred, o\u00f9 elle travaille \u00e9galement avec Marie B\u00e9reau en violon puis au Conservatoire Royal de Bruxelles en Master de violon baroque (classe de Mira Glodeanu)<br>Violoniste de plusieurs ensembles sp\u00e9cialis\u00e9s dans la musique baroque, La Grande Ecurie et la chambre du Roy, Akademia, Le cercle baroque, Les folies du temps, elle a particip\u00e9 \u00e0 des nombreux enregistrements discographiques.                                                                                                                      Depuis 2014, Patricia Bonnefoy se produit avec la Compagnie les Monts du Reuil en tant que violon solo.<br>Elle enseigne le violon au Conservatoire \u00e0 Rayonnement D\u00e9partemental de Charleville-M\u00e9zi\u00e8res\u00a0.<\/p>\n\n\n\n<p><strong>Benjamin-Joseph Steens<\/strong>                                                                                                                              Conservateur et titulaire des orgues de Saint Martin de Vertus et de la Basilique Saint Remi de Reims, BJ Steens s\u2019est form\u00e9 d\u2019abord \u00e0 l\u2019Universit\u00e9 Catholique et l\u2019Institut Lemmens \u00e0 Louvain (Belgique) puis au CNSMDP o\u00f9 il obtient plusieurs dipl\u00f4mes sup\u00e9rieurs en orgue, clavecin et p\u00e9dagogie, ainsi qu\u2019\u00e0 l\u2019Universit\u00e9 Paris IV-Sorbonne o\u00f9 il obtient une Ma\u00eetrise en musicologie.                                                     Son attrait pour les claviers anciens s\u2019enrichit au contact de Jos van \u00a0Immerseel, avec qui il se perfectionne au Conservatoire d\u2019Anvers. \u00a0Concertiste actif et reconnu, il enseigne l\u2019orgue, le clavecin et le clavicorde aux conservatoires de Levallois, Reims ainsi qu\u2019au sein du MIMA pianoforte de la Sorbonne.                     Depuis septembre 2020, il est professeur de \u00ab Clavecin et\u00a0Claviers Historiques\u00a0\u00bb \u00e0 la HEAR de Strasbourg. Ses enregistrements au clavicorde : les\u00a0<em>Variations Goldberg<\/em>\u00a0de J.S. Bach et\u00a0<em>Bach and Sons<\/em>, sonates pour fl\u00fbte et clavier oblig\u00e9 de la famille Bach avec Jacques-Antoine Bresch au traverso remportent un vif succ\u00e8s public et son pl\u00e9biscit\u00e9es par la critique internationale.<\/p>\n\n\n\n<p class=\"has-vivid-cyan-blue-color has-text-color has-link-color has-large-font-size wp-elements-2a2f33f80225f1833ca73b38ee3d0b36\"><strong>Dimanche 20 septembre : Orgue et trompette<\/strong><\/p>\n\n\n\n<figure class=\"wp-block-gallery has-nested-images columns-default is-cropped wp-block-gallery-2 is-layout-flex wp-block-gallery-is-layout-flex\">\n<figure class=\"wp-block-image size-large\"><img loading=\"lazy\" decoding=\"async\" width=\"1024\" height=\"683\" data-id=\"368\" src=\"https:\/\/www.orguesaintremi.fr\/wp-content\/uploads\/2026\/04\/trompettiste-20-septembre-2026-1024x683.png\" alt=\"\" class=\"wp-image-368\" srcset=\"https:\/\/www.orguesaintremi.fr\/wp-content\/uploads\/2026\/04\/trompettiste-20-septembre-2026-1024x683.png 1024w, https:\/\/www.orguesaintremi.fr\/wp-content\/uploads\/2026\/04\/trompettiste-20-septembre-2026-300x200.png 300w, https:\/\/www.orguesaintremi.fr\/wp-content\/uploads\/2026\/04\/trompettiste-20-septembre-2026-768x512.png 768w, https:\/\/www.orguesaintremi.fr\/wp-content\/uploads\/2026\/04\/trompettiste-20-septembre-2026-600x400.png 600w, https:\/\/www.orguesaintremi.fr\/wp-content\/uploads\/2026\/04\/trompettiste-20-septembre-2026.png 1536w\" sizes=\"auto, (max-width: 1024px) 100vw, 1024px\" \/><figcaption class=\"wp-element-caption\">Jean-Baptiste ARNOLD<\/figcaption><\/figure>\n\n\n\n<figure class=\"wp-block-image size-large\"><img loading=\"lazy\" decoding=\"async\" width=\"1024\" height=\"813\" data-id=\"372\" src=\"https:\/\/www.orguesaintremi.fr\/wp-content\/uploads\/2026\/04\/Benjamin-STEENS-Photo-1-1024x813.jpg\" alt=\"\" class=\"wp-image-372\" srcset=\"https:\/\/www.orguesaintremi.fr\/wp-content\/uploads\/2026\/04\/Benjamin-STEENS-Photo-1-1024x813.jpg 1024w, https:\/\/www.orguesaintremi.fr\/wp-content\/uploads\/2026\/04\/Benjamin-STEENS-Photo-1-300x238.jpg 300w, https:\/\/www.orguesaintremi.fr\/wp-content\/uploads\/2026\/04\/Benjamin-STEENS-Photo-1-768x610.jpg 768w, https:\/\/www.orguesaintremi.fr\/wp-content\/uploads\/2026\/04\/Benjamin-STEENS-Photo-1-1536x1219.jpg 1536w, https:\/\/www.orguesaintremi.fr\/wp-content\/uploads\/2026\/04\/Benjamin-STEENS-Photo-1.jpg 1920w\" sizes=\"auto, (max-width: 1024px) 100vw, 1024px\" \/><figcaption class=\"wp-element-caption\">Benjamin-Joseph STEENS<\/figcaption><\/figure>\n<\/figure>\n\n\n\n<p>Au programme des oeuvres de Giovanni Baptista Martini, Tomaso Albinoni , Georg Frederic Haendel.<\/p>\n\n\n\n<p>Jean-Baptiste Arnold  est connu pour son implication dans l&rsquo;enseignement de la trompette dans des institutions musicales fran\u00e7aises o\u00f9 il a form\u00e9 de nombreux trompettistes. Il est reconnu notamment pour ses contributions \u00e0 la p\u00e9dagogie de l&rsquo;instrument, mais \u00e9galement pour son travail au sein de l&rsquo;orchestre et de ses performances de soliste.                                                                                                                      Dipl\u00f4m\u00e9 de conservatoires,\u00a0il obtient plusieurs premiers prix de trompette, cornet \u00e0 piston et musique de chambre. Il joue au sein de nombreux orchestres : les Concerts Colonne (Op\u00e9ra Garnier, Mogador&#8230;) Lamoureux (Gaveau, th\u00e9\u00e2tre des Champs Elys\u00e9es&#8230;) Orchestre de l&rsquo;Op\u00e9ra de Massy, Orchestre de Chambre de Paris, Orchestre de Picardie, ensemble instrumental de Corse.                                                                                         Il se produit en soliste avec orchestre en France et \u00e0 l&rsquo;\u00e9tranger\u00a0: Karachi (Pakistan) Calcutta, New-Delhi (Inde) en r\u00e9citals avec piano, avec ensemble baroque, brass-band, en trompette et orgue ou en quintette de cuivres.                                                                                                                                                         Jean-Baptiste est actuellement trompette solo de l&rsquo;Orchestre de l&rsquo;Op\u00e9ra de Reims et professeur de trompette au Conservatoire \u00e0 Rayonnement R\u00e9gional de Reims.<\/p>\n\n\n\n<p class=\"has-vivid-cyan-blue-color has-text-color has-link-color has-large-font-size wp-elements-6adcd0d664054ba36f6cfcae2327eee0\"><strong>Dimanche 11 octobre : Jeunes talents<\/strong>, <strong>orgue \u00e0 4 mains<\/strong><\/p>\n\n\n\n<figure class=\"wp-block-image size-large\"><img loading=\"lazy\" decoding=\"async\" width=\"1024\" height=\"683\" src=\"https:\/\/www.orguesaintremi.fr\/wp-content\/uploads\/2026\/04\/Photo-duo-2-1024x683.jpg\" alt=\"\" class=\"wp-image-373\" srcset=\"https:\/\/www.orguesaintremi.fr\/wp-content\/uploads\/2026\/04\/Photo-duo-2-1024x683.jpg 1024w, https:\/\/www.orguesaintremi.fr\/wp-content\/uploads\/2026\/04\/Photo-duo-2-300x200.jpg 300w, https:\/\/www.orguesaintremi.fr\/wp-content\/uploads\/2026\/04\/Photo-duo-2-768x512.jpg 768w, https:\/\/www.orguesaintremi.fr\/wp-content\/uploads\/2026\/04\/Photo-duo-2-1536x1024.jpg 1536w, https:\/\/www.orguesaintremi.fr\/wp-content\/uploads\/2026\/04\/Photo-duo-2-600x400.jpg 600w, https:\/\/www.orguesaintremi.fr\/wp-content\/uploads\/2026\/04\/Photo-duo-2.jpg 1920w\" sizes=\"auto, (max-width: 1024px) 100vw, 1024px\" \/><figcaption class=\"wp-element-caption\"><strong>Charlotte et Marie DUMAS<\/strong><\/figcaption><\/figure>\n\n\n\n<p><br>Au programme des oeuvres de Johann S\u00e9bastian Bach et Wolfgang Amadeus Mozart<\/p>\n\n\n\n<div class=\"wp-block-file aligncenter\"><a id=\"wp-block-file--media-c29f27b8-2038-4fe1-ac35-fddfd5c71812\" href=\"https:\/\/www.orguesaintremi.fr\/wp-content\/uploads\/2026\/04\/Biographie-duo.pdf\">Biographie duo<\/a><a href=\"https:\/\/www.orguesaintremi.fr\/wp-content\/uploads\/2026\/04\/Biographie-duo.pdf\" class=\"wp-block-file__button wp-element-button\" download aria-describedby=\"wp-block-file--media-c29f27b8-2038-4fe1-ac35-fddfd5c71812\">T\u00e9l\u00e9charger<\/a><\/div>\n\n\n\n<p><\/p>\n","protected":false},"excerpt":{"rendered":"<p>Samedi 15 ao\u00fbt : V\u00eapres musicales Au programme des oeuvres de Marc Antoine Charpentier, Claudio Merula, Claudio Monteverdi et Heinrich Biber Hadhoum Tunc Parall\u00e8lement \u00e0 ses \u00e9tudes de sociolinguistique, Hadhoum TUNC obtient un premier prix de chant et un prix de perfectionnement au Conservatoire de Reims. Laur\u00e9ate d\u2019une bourse, elle participe\u00a0\u00e0 la tr\u00e8s\u00a0prestigieuse \u00abSommerakademie \u00bb \u00e0 Salzbourg et poursuivra son [&hellip;]<\/p>\n","protected":false},"author":1,"featured_media":0,"parent":0,"menu_order":0,"comment_status":"closed","ping_status":"closed","template":"","meta":{"om_disable_all_campaigns":false,"_monsterinsights_skip_tracking":false,"_monsterinsights_sitenote_active":false,"_monsterinsights_sitenote_note":"","_monsterinsights_sitenote_category":0,"footnotes":""},"class_list":["post-364","page","type-page","status-publish","hentry"],"aioseo_notices":[],"_links":{"self":[{"href":"https:\/\/www.orguesaintremi.fr\/index.php?rest_route=\/wp\/v2\/pages\/364","targetHints":{"allow":["GET"]}}],"collection":[{"href":"https:\/\/www.orguesaintremi.fr\/index.php?rest_route=\/wp\/v2\/pages"}],"about":[{"href":"https:\/\/www.orguesaintremi.fr\/index.php?rest_route=\/wp\/v2\/types\/page"}],"author":[{"embeddable":true,"href":"https:\/\/www.orguesaintremi.fr\/index.php?rest_route=\/wp\/v2\/users\/1"}],"replies":[{"embeddable":true,"href":"https:\/\/www.orguesaintremi.fr\/index.php?rest_route=%2Fwp%2Fv2%2Fcomments&post=364"}],"version-history":[{"count":2,"href":"https:\/\/www.orguesaintremi.fr\/index.php?rest_route=\/wp\/v2\/pages\/364\/revisions"}],"predecessor-version":[{"id":375,"href":"https:\/\/www.orguesaintremi.fr\/index.php?rest_route=\/wp\/v2\/pages\/364\/revisions\/375"}],"wp:attachment":[{"href":"https:\/\/www.orguesaintremi.fr\/index.php?rest_route=%2Fwp%2Fv2%2Fmedia&parent=364"}],"curies":[{"name":"wp","href":"https:\/\/api.w.org\/{rel}","templated":true}]}}